{"id":493,"date":"2023-11-06T16:06:36","date_gmt":"2023-11-06T15:06:36","guid":{"rendered":"http:\/\/mmjjeanf.lucusprueba.es\/belencalleja\/contact\/legal-disclaimer\/"},"modified":"2024-10-13T12:03:20","modified_gmt":"2024-10-13T11:03:20","slug":"legal-disclaimer","status":"publish","type":"page","link":"https:\/\/www.belencalleja.com\/en\/contact\/legal-disclaimer\/","title":{"rendered":"Legal Disclaimer"},"content":{"rendered":"<p>[et_pb_section fb_built=&#8221;1&#8243; theme_builder_area=&#8221;post_content&#8221; _builder_version=&#8221;4.23.1&#8243; _module_preset=&#8221;default&#8221;][et_pb_row _builder_version=&#8221;4.23.1&#8243; _module_preset=&#8221;default&#8221; theme_builder_area=&#8221;post_content&#8221;][et_pb_column _builder_version=&#8221;4.23.1&#8243; _module_preset=&#8221;default&#8221; type=&#8221;4_4&#8243; theme_builder_area=&#8221;post_content&#8221;][dipl_breadcrumb _builder_version=&#8221;4.23.1&#8243; _module_preset=&#8221;default&#8221; theme_builder_area=&#8221;post_content&#8221; breadcrumb_layout=&#8221;layout2&#8243; separator_type=&#8221;icon_separator&#8221; hover_enabled=&#8221;0&#8243; sticky_enabled=&#8221;0&#8243;][\/dipl_breadcrumb][\/et_pb_column][\/et_pb_row][\/et_pb_section][et_pb_section fb_built=&#8221;1&#8243; theme_builder_area=&#8221;post_content&#8221; _builder_version=&#8221;4.23.1&#8243; _module_preset=&#8221;default&#8221;][et_pb_row _builder_version=&#8221;4.23.1&#8243; _module_preset=&#8221;default&#8221; theme_builder_area=&#8221;post_content&#8221;][et_pb_column _builder_version=&#8221;4.23.1&#8243; _module_preset=&#8221;default&#8221; type=&#8221;4_4&#8243; theme_builder_area=&#8221;post_content&#8221;][et_pb_text _builder_version=&#8221;4.23.1&#8243; _module_preset=&#8221;default&#8221; theme_builder_area=&#8221;post_content&#8221; hover_enabled=&#8221;0&#8243; sticky_enabled=&#8221;0&#8243;]<\/p>\n<h1>LEGAL DISCLAIMER<\/h1>\n<h4>1. Legal information and acceptance<\/h4>\n<p>In compliance with Article<span> <\/span><strong>10 of Law 34\/2002<\/strong>, of 11 July, on Information Society Services and Electronic Commerce, the company&#8217;s identification details are set out below. This Internet portal is made available to users by the company, whose identification details are as follows <\/p>\n<table width=\"576\">\n<tbody>\n<tr>\n<td width=\"181\">Company name:<\/td>\n<td width=\"395\"><strong>Bel\u00e9n Calleja AIP, S.L<\/strong><\/td>\n<\/tr>\n<tr>\n<td width=\"181\">C.I.F.:<\/td>\n<td width=\"395\">B92990456<\/td>\n<\/tr>\n<tr>\n<td width=\"181\">Registered Office:<\/td>\n<td width=\"395\">Calle Londres, s\/n, Hotel del Golf 29660 Marbella M\u00e1laga<\/td>\n<\/tr>\n<tr>\n<td width=\"181\">Telephone:<\/td>\n<td width=\"395\">951778025<\/td>\n<\/tr>\n<tr>\n<td width=\"181\">Email:<\/td>\n<td width=\"395\">info@belencalleja.com<\/td>\n<\/tr>\n<tr>\n<td width=\"181\">Registration data:<\/td>\n<td width=\"395\">Registro Mercantil de M\u00e1laga T4622, L 3530, F 19, S 8, H MA100687, I\/A 1 (11.03.09)<\/td>\n<\/tr>\n<\/tbody>\n<\/table>\n<p><strong> <\/strong><\/p>\n<p>This legal notice sets out the general conditions governing access to and use of this website, hereinafter \u2018the website\u2019. The use of the website implies the express and full acceptance of these general conditions in the version published at the time the user accesses the website, without prejudice to the particular conditions that may apply to some of the specific services of the website. <\/p>\n<p>Access to the website is free of charge except for the cost of connection through the telecommunications network supplied by the access provider contracted by users. Certain services are exclusive to our customers and access to them is restricted. <\/p>\n<p>The use of the Portal confers the condition of Portal user (hereinafter, the \u2018User\u2019) and implies acceptance of all the conditions included in this Legal Notice. The provision of the Portal service is limited to the time at which the User is connected to the Portal or to any of the services provided through it. Therefore, the User must read this Legal Notice carefully each time he\/she intends to use the Portal, as the Portal and its conditions of use set out in this Legal Notice may undergo modifications.  <\/p>\n<p>Algunos servicios del Portal accesibles para los usuarios de Internet o exclusivos para los clientes d<span>e <\/span><strong>Bel\u00e9n Calleja AIP, S.L<\/strong>, pueden estar sometidos a condiciones particulares, reglamentos e instrucciones que, en su caso, sustituyen, completan y\/o modifican el presente Aviso Legal y que deber\u00e1n ser aceptadas por el Usuario antes de iniciarse la prestaci\u00f3n del servicio correspondiente.<\/p>\n<h4>2. Intellectual and industrial property<\/h4>\n<p>This website and its contents are protected by current legislation on intellectual property.<\/p>\n<p><strong>Bel\u00e9n Calleja AIP, S.L<\/strong><span> <\/span>is the owner or licensee of all intellectual and industrial property rights of its website, as well as of the elements contained therein. Therefore, the reproduction, distribution, public communication and transformation of all or part of the contents of this website, for commercial purposes, in any medium and by any technical means, without the authorisation of Terms and Conditions, is expressly prohibited. <\/p>\n<p>Las marcas, nombres comerciales o signos distintivos son titularidad d<span>e <\/span><strong>Bel\u00e9n Calleja AIP, S.L<\/strong> <span>y<\/span>a sea por propiedad industrial o intelectual, sin que pueda entenderse que el acceso al Portal atribuya ning\u00fan derecho sobre las citadas marcas, nombres comerciales y\/o signos distintivos.<\/p>\n<p>All products and services on these pages that are NOT the property of<span> <\/span><strong>Bel\u00e9n Calleja AIP, S.L<\/strong><span> <\/span>are registered trademarks of their respective owners and are recognised as such by our company. They only appear on the website of <span> <\/span><strong>Bel\u00e9n Calleja AIP, S.<span>L<\/span><\/strong> a efectos de promoci\u00f3n y de recopilaci\u00f3n de informaci\u00f3n. Estos propietarios pueden solicitar la modificaci\u00f3n o eliminaci\u00f3n de la informaci\u00f3n que les pertenece. <\/p>\n<h4>3. Terms of use of the portal<\/h4>\n<h4>3.1 General<\/h4>\n<p>The User undertakes to make correct use of the Portal in accordance with the Law and this Legal Notice. The User shall be liable to <span> <\/span><strong>Bel\u00e9n Calleja AIP, S.L<\/strong><span> <\/span>or against third parties, for any damages that may be caused as a consequence of non-compliance with this obligation.<\/p>\n<p>Queda expresamente prohibido el uso del Portal con fines lesivos de bienes o intereses d<span>e <\/span><strong>Bel\u00e9n Calleja AIP, S.L<\/strong><span> o<\/span> de terceros o que de cualquier otra forma sobrecarguen, da\u00f1en o inutilicen las redes, servidores y dem\u00e1s equipos inform\u00e1ticos (hardware) o productos y aplicaciones inform\u00e1ticas (software) d<span>e <\/span><strong>Bel\u00e9n Calleja AIP, S.L<\/strong><span> o<\/span> de terceros.<\/p>\n<h4>3.2 Contents<\/h4>\n<p>The User undertakes to use the Contents in accordance with the Law and this Legal Notice, as well as with any other conditions, regulations and instructions that may be applicable in accordance with the provisions of clause 1.<\/p>\n<p>By way of example, the User, in accordance with current legislation, must abstain from:<\/p>\n<ul>\n<li>Reproducir, copiar, distribuir, poner a disposici\u00f3n, comunicar p\u00fablicamente, transformar o modificar los Contenidos salvo en los casos autorizados en la ley o expresamente consentidos po<span>r <\/span><strong>Bel\u00e9n Calleja AIP, S.L<\/strong><span> o<\/span> por quien ostente la titularidad de los derechos de explotaci\u00f3n en su caso.<\/li>\n<li>Reproduce or copy for private use the Contents that may be considered as Software or Database in accordance with current legislation on intellectual property, as well as their public communication or making them available to third parties when these acts necessarily imply reproduction by the User or a third party.<\/li>\n<li>Extraer y\/o reutilizar la totalidad o una parte sustancial de los Contenidos integrantes del Portal as\u00ed como de las bases de datos qu<span>e <\/span><strong>Bel\u00e9n Calleja AIP, S.L<\/strong><span> p<\/span>onga a disposici\u00f3n de los Usuarios.<\/li>\n<\/ul>\n<h4>3.3 Entering links to the Portal<\/h4>\n<p>Internet users who wish to introduce links from their own web pages to the Portal must comply with the conditions detailed below, without ignorance of these conditions avoiding the responsibilities derived from the Law:<\/p>\n<ul>\n<li>The link will only link to the home page or main page of the Portal but may not reproduce it in any way (online links, copy of texts, graphics, etc.).<\/li>\n<li>It shall be prohibited in all cases, in accordance with the applicable legislation in force at any given time, to establish frames of any kind that surround the Portal or allow the Contents to be viewed through Internet addresses other than those of the Portal and, in any case, when they are viewed together with contents outside the Portal in such a way that: (I) produces, or may produce, error, confusion or deception in users as to the true origin of the service or Contents; (II) involves an act of unfair comparison or imitation; (III) serves to take advantage of the reputation of the brand and prestige of the Portal.   <span> <\/span><strong>Bel\u00e9n Calleja AIP, S.L<\/strong><span> <\/span>or (IV) otherwise prohibited by applicable law.<\/li>\n<li>No se realizar\u00e1n desde la p\u00e1gina que introduce el enlace ning\u00fan tipo de manifestaci\u00f3n falsa, inexacta o incorrecta sobr<span>e <\/span><strong>Bel\u00e9n Calleja AIP, S.L<\/strong>, sus socios, empleados, clientes o sobre la calidad de los servicios que presta.<\/li>\n<li>En ning\u00fan caso, se expresar\u00e1 en la p\u00e1gina donde se ubique el enlace qu<span>e <\/span><strong>Bel\u00e9n Calleja AIP, S.L<\/strong><span> h<\/span>a prestado su consentimiento para la inserci\u00f3n del enlace o que de otra forma patrocina, colabora, verifica o supervisa los servicios del remitente.<\/li>\n<li>Est\u00e1 prohibida la utilizaci\u00f3n de cualquier marca denominativa, gr\u00e1fica o mixta o cualquier otro signo distintivo d<span>e <\/span><strong>Bel\u00e9n Calleja AIP, S.L<\/strong><span> d<\/span>entro de la p\u00e1gina del remitente salvo en los casos permitidos por la ley o expresamente autorizados po<span>r <\/span><strong>Bel\u00e9n Calleja AIP, S.L<\/strong><span> y<\/span> siempre que se permita, en estos casos, un enlace directo con el Portal en la forma establecida en esta cl\u00e1usula.<\/li>\n<li>The page that establishes the link must comply faithfully with the law and may not under any circumstances provide or link to its own or third party content that: (I) is illicit, harmful or contrary to morals and good customs (pornographic, violent, racist, etc.); (II) induces or may induce in the User the false conception that  <span> <\/span><strong>Bel\u00e9n Calleja AIP, S.<span>L <\/span><\/strong>suscribe, respalda, se adhiere o de cualquier manera apoya, las ideas, manifestaciones o expresiones, l\u00edcitas o il\u00edcitas, del remitente; (III) resulten inapropiados o no pertinentes con la actividad de<span> <\/span><strong>Bel\u00e9n Calleja AIP, S.L<\/strong><span> <\/span>according to the location, content and subject matter of the sender&#8217;s website.<\/li>\n<\/ul>\n<p>&nbsp;<\/p>\n<h4>4. Exclusion of liability<\/h4>\n<h4>4.1 From the Information<\/h4>\n<p><strong>Bel\u00e9n Calleja AIP, S.L<\/strong><span> n<\/span>o se responsabiliza de las decisiones tomadas a partir de la informaci\u00f3n suministrada en el Portal ni de los da\u00f1os y perjuicios producidos en el Usuario o terceros con motivo de actuaciones que tengan como \u00fanico fundamento la informaci\u00f3n obtenida en el Portal.<\/p>\n<h4>4.2 Quality of service<\/h4>\n<p>El acceso al Portal no implica la obligaci\u00f3n por parte d<span>e <\/span><strong>Bel\u00e9n Calleja AIP, S.L<\/strong><span> d<\/span>e controlar la ausencia de virus, gusanos o cualquier otro elemento inform\u00e1tico da\u00f1ino.<\/p>\n<p>It is the responsibility of the User, in any case, to ensure the availability of adequate tools for the detection and disinfection of harmful computer programmes.<\/p>\n<p><strong>Bel\u00e9n Calleja AIP, S.L<\/strong><span> n<\/span>o se responsabiliza de los da\u00f1os producidos en los equipos inform\u00e1ticos de los Usuarios o de terceros durante la prestaci\u00f3n del servicio del Portal.<\/p>\n<h4>4.3 De la disponibilidad del Servicio<\/h4>\n<p>El acceso al Portal requiere de servicios y suministros de terceros, incluidos el transporte a trav\u00e9s de redes de telecomunicaciones cuya fiabilidad, calidad, continuidad y funcionamiento no corresponde <span>a <\/span><strong>Bel\u00e9n Calleja AIP, S.L<\/strong><span> P<\/span>or consiguiente, los servicios prove\u00eddos a trav\u00e9s del Portal pueden ser suspendidos, cancelados o resultar inaccesibles, con car\u00e1cter previo o simult\u00e1neo a la prestaci\u00f3n del servicio del Portal.<\/p>\n<p><strong>Bel\u00e9n Calleja AIP, S.L<\/strong><span> n<\/span>o se responsabiliza de los da\u00f1os o perjuicios de cualquier tipo producidos en el Usuario que traigan causa de fallos o desconexiones en las redes de telecomunicaciones que produzcan la suspensi\u00f3n, cancelaci\u00f3n o interrupci\u00f3n del servicio del Portal durante la prestaci\u00f3n del mismo o con car\u00e1cter previo.<\/p>\n<h4>4.4 De los contenidos y servicios enlazados a trav\u00e9s del Portal<\/h4>\n<p>El servicio de acceso al Portal incluye dispositivos t\u00e9cnicos de enlace, directorios e incluso instrumentos de b\u00fasqueda que permiten al Usuario acceder a otras p\u00e1ginas y portales de Internet (en adelante, \u2018Sitios Enlazados\u2019). En estos casos, <span> <\/span><strong>Bel\u00e9n Calleja AIP, S.L<\/strong><span> <\/span>act\u00faa como prestador de servicios de intermediaci\u00f3n de conformidad con el art\u00edculo 17 de la Ley 34\/2002, de 12 de julio, de Servicios de la Sociedad de la Informaci\u00f3n y el Comercio Electr\u00f3nico (LSSI) y s\u00f3lo ser\u00e1 responsable de los contenidos y servicios suministrados en los Sitios Enlazados en la medida en que tenga conocimiento efectivo de la ilicitud y no haya desactivado el enlace con la diligencia debida. En el supuesto de que el Usuario considere que existe un Sitio Enlazado con contenidos il\u00edcitos o inadecuados podr\u00e1 comunic\u00e1rselo a <span> <\/span><strong>Bel\u00e9n Calleja AIP, S.L<\/strong><span> <\/span>de acuerdo con el procedimiento y los efectos establecidos en la cl\u00e1usula 6, sin que en ning\u00fan caso esta comunicaci\u00f3n conlleve la obligaci\u00f3n de retirar el correspondiente enlace.<\/p>\n<p>En ning\u00fan caso, la existencia de Sitios Enlazados debe presuponer la existencia de acuerdos con los responsables o titulares de los mismos, ni la recomendaci\u00f3n, promoci\u00f3n o identificaci\u00f3n d<span>e <\/span><strong>Bel\u00e9n Calleja AIP, S.L<\/strong><span> c<\/span>on las manifestaciones, contenidos o servicios prove\u00eddos.<\/p>\n<p><strong>Bel\u00e9n Calleja AIP, S.L<\/strong><span> n<\/span>o conoce los contenidos y servicios de los Sitios Enlazados y por tanto no se hace responsable por los da\u00f1os producidos por la ilicitud, calidad, desactualizaci\u00f3n, indisponibilidad, error e inutilidad de los contenidos y\/o servicios de los Sitios Enlazados ni por cualquier otro da\u00f1o que no sea directamente imputable <span>a <\/span><strong>Bel\u00e9n Calleja AIP, S.L<\/strong>.<\/p>\n<h4>5. Protecci\u00f3n de datos.<\/h4>\n<p>Puede consultar nuestra pol\u00edtica d<span>e <\/span><span>Protecci\u00f3n de Datos<\/span><a href=\"https:\/\/www.belencalleja.com\/en\/privacy-policy\/\"> p<\/a>ara conocer el uso que hacemos de sus datos personales.<\/p>\n<h4>  6. Comunicaci\u00f3n de actividades de car\u00e1cter il\u00edcito e inadecuado <\/h4>\n<p>En el caso de que el Usuario o cualquier otro usuario de Internet tuvieran conocimiento de que los Sitios Enlazados remiten a p\u00e1ginas cuyos contenidos o servicios son il\u00edcitos, nocivos, denigrantes, violentos o contrarios a la moral podr\u00e1 ponerse en contacto co<span>n <\/span><strong>Bel\u00e9n Calleja AIP, S.L<\/strong><span> i<\/span>ndicando los siguientes extremos:<\/p>\n<ol>\n<li>Datos personales del comunicante: nombre, direcci\u00f3n, n\u00famero de tel\u00e9fono y direcci\u00f3n de correo electr\u00f3nico;<\/li>\n<li>Descripci\u00f3n de los hechos que revelan el car\u00e1cter il\u00edcito o inadecuado del Sitio Enlazado;<\/li>\n<li>En el supuesto de violaci\u00f3n de derechos, tales como propiedad intelectual e industrial, los datos personales del titular del derecho infringido cuando sea persona distinta del comunicante.<\/li>\n<li>Asimismo deber\u00e1 aportar el t\u00edtulo que acredite la legitimaci\u00f3n del titular de los derechos y, en su caso, el de representaci\u00f3n para actuar por cuenta del titular cuando sea persona distinta del comunicante;<\/li>\n<li>Declaraci\u00f3n expresa de que la informaci\u00f3n contenida en la reclamaci\u00f3n es exacta.<\/li>\n<\/ol>\n<p>La recepci\u00f3n por parte d<span>e <\/span><strong>Bel\u00e9n Calleja AIP, S.L<\/strong><span> d<\/span>e la comunicaci\u00f3n prevista en esta cl\u00e1usula no supondr\u00e1, seg\u00fan lo dispuesto en la LSSI, el conocimiento efectivo de las actividades y\/o contenidos indicados por el comunicante.<\/p>\n<p>Asimismo deber\u00e1 aportar el t\u00edtulo que acredite la legitimaci\u00f3n del titular de los derechos y, en su caso, el de representaci\u00f3n para actuar por cuenta del titular cuando sea persona distinta del comunicante.<\/p>\n<h4>7. Notificaciones<\/h4>\n<p>Todas las notificaciones y comunicaciones realizadas por las partes ser\u00e1n v\u00e1lidas de conformidad con los medios admitidos en Derecho. Las relativas al presente Portal se considerar\u00e1n eficaces, a todos los efectos, si se realizan a trav\u00e9s del propio Portal. <\/p>\n<h4>8. Modificaciones<\/h4>\n<p><strong>Bel\u00e9n Calleja AIP, S.L<\/strong><span> s<\/span>e reserva el derecho de efectuar sin previo aviso las modificaciones que considere oportunas en su web, pudiendo cambiar, suprimir o a\u00f1adir tanto los contenidos y servicios que se presten a trav\u00e9s de la misma como la forma en la que \u00e9stos aparezcan presentados.<\/p>\n<p>Por otro lado, los presentes t\u00e9rminos y condiciones podr\u00e1n cambiar en cualquier momento. Las modificaciones entrar\u00e1n en vigor desde el momento de su publicaci\u00f3n. <\/p>\n<h4>9. Redes Sociales<\/h4>\n<p><strong>Bel\u00e9n Calleja AIP, S.<span>L <\/span><\/strong>est\u00e1 presente en diversas redes sociales y plataformas, por lo tanto, cuando se accede a cualquiera de estas u otras redes, habr\u00e1 que tener en cuenta que las condiciones de uso aplicables son las que cada plataforma tiene establecidas, en las cuales<span>, <\/span><strong>Bel\u00e9n Calleja AIP, S.<span>L <\/span><\/strong>no interviene.<\/p>\n<h4>10. Legislaci\u00f3n<\/h4>\n<p>El presente Aviso Legal se rige en todos y cada uno de sus extremos por la ley espa\u00f1ola Siempre y cuando la Ley aplicable permita la renuncia al fuero legal establecido, se designa como fuero para dirimir posibles disputas, los juzgados de M\u00e1laga, renunciando expresamente el usuario a cualquier otro fuero que pudiera corresponder.<\/p>\n<p>&nbsp;<\/p>\n<p>[\/et_pb_text][\/et_pb_column][\/et_pb_row][\/et_pb_section]<\/p>\n","protected":false},"excerpt":{"rendered":"<p><div class=\"et_pb_module dipl_breadcrumb dipl_breadcrumb_0\">\n\t\t\t\t\n\t\t\t\t\n\t\t\t\t\n\t\t\t\t\n\t\t\t\t\n\t\t\t\t\n\t\t\t\t<div class=\"et_pb_module_inner\">\n\t\t\t\t\t<div class=\"dipl-breadcrumb-wrapper layout2\">\n\t\t\t\t<ol class=\"dipl-breadcrumb-inner\" vocab=\"https:\/\/schema.org\/\" typeof=\"BreadcrumbList\">\n\t\t\t\t\t<li property=\"itemListElement\" typeof=\"ListItem\" data-icon=\"&#x24;\">\n\t\t\t\t\t\t\t\t<a class=\"breadcrumb-item dipl-home-page\" href=\"https:\/\/www.belencalleja.com\/en\/\" property=\"item\" typeof=\"WebPage\" >\n\t\t\t\t\t\t\t\t\t<span class=\"breadcrumb-page\" property=\"name\">Home<\/span>\n\t\t\t\t\t\t\t\t<\/a>\n\t\t\t\t\t\t\t\t<meta property=\"position\" content=\"1\" \/>\n\t\t\t\t\t\t\t<\/li>\n\t\t\t\t<\/ol>\n\t\t\t<\/div>\n\t\t\t\t<\/div>\n\t\t\t<\/div>LEGAL DISCLAIMER 1. Legal information and acceptance In compliance with Article 10 of Law 34\/2002, of 11 July, on Information Society Services and Electronic Commerce, the company&#8217;s identification details are set out below. This Internet portal is made available to users by the company, whose identification details are [&hellip;]<\/p>\n","protected":false},"author":1,"featured_media":0,"parent":392,"menu_order":0,"comment_status":"closed","ping_status":"closed","template":"","meta":{"_et_pb_use_builder":"on","_et_pb_old_content":"","_et_gb_content_width":"","footnotes":""},"class_list":["post-493","page","type-page","status-publish","hentry"],"_links":{"self":[{"href":"https:\/\/www.belencalleja.com\/en\/wp-json\/wp\/v2\/pages\/493","targetHints":{"allow":["GET"]}}],"collection":[{"href":"https:\/\/www.belencalleja.com\/en\/wp-json\/wp\/v2\/pages"}],"about":[{"href":"https:\/\/www.belencalleja.com\/en\/wp-json\/wp\/v2\/types\/page"}],"author":[{"embeddable":true,"href":"https:\/\/www.belencalleja.com\/en\/wp-json\/wp\/v2\/users\/1"}],"replies":[{"embeddable":true,"href":"https:\/\/www.belencalleja.com\/en\/wp-json\/wp\/v2\/comments?post=493"}],"version-history":[{"count":2,"href":"https:\/\/www.belencalleja.com\/en\/wp-json\/wp\/v2\/pages\/493\/revisions"}],"predecessor-version":[{"id":495,"href":"https:\/\/www.belencalleja.com\/en\/wp-json\/wp\/v2\/pages\/493\/revisions\/495"}],"up":[{"embeddable":true,"href":"https:\/\/www.belencalleja.com\/en\/wp-json\/wp\/v2\/pages\/392"}],"wp:attachment":[{"href":"https:\/\/www.belencalleja.com\/en\/wp-json\/wp\/v2\/media?parent=493"}],"curies":[{"name":"wp","href":"https:\/\/api.w.org\/{rel}","templated":true}]}}